{"id":18,"date":"2018-08-13T14:29:43","date_gmt":"2018-08-13T14:29:43","guid":{"rendered":"http:\/\/www.monochrom.ch\/?page_id=18"},"modified":"2018-10-04T16:13:16","modified_gmt":"2018-10-04T14:13:16","slug":"ueber-mich","status":"publish","type":"page","link":"https:\/\/www.monochrom.ch\/index.php\/ueber-mich\/","title":{"rendered":"\u00dcber mich"},"content":{"rendered":"<p><img fetchpriority=\"high\" decoding=\"async\" class=\"alignnone size-medium wp-image-132\" src=\"http:\/\/www.monochrom.ch\/wp-content\/uploads\/2018\/10\/CRW_1076-e1538662212213-225x300.jpg\" alt=\"\" width=\"225\" height=\"300\" srcset=\"https:\/\/www.monochrom.ch\/wp-content\/uploads\/2018\/10\/CRW_1076-e1538662212213-225x300.jpg 225w, https:\/\/www.monochrom.ch\/wp-content\/uploads\/2018\/10\/CRW_1076-e1538662212213-768x1024.jpg 768w, https:\/\/www.monochrom.ch\/wp-content\/uploads\/2018\/10\/CRW_1076-e1538662212213.jpg 1536w\" sizes=\"(max-width: 225px) 100vw, 225px\" \/>M\u00f6glicherweise bist du k\u00fcnstlerisch t\u00e4tig und m\u00f6chtest dich und deine Arbeiten hier vorstellen. Oder hast du vielleicht ein Business mit einer Mission, die es zu beschreiben gilt?<\/p>\n","protected":false},"excerpt":{"rendered":"<p>M\u00f6glicherweise bist du k\u00fcnstlerisch t\u00e4tig und m\u00f6chtest dich und deine Arbeiten hier vorstellen. Oder hast du vielleicht ein Business mit einer Mission, die es zu beschreiben gilt?<\/p>\n","protected":false},"author":1,"featured_media":0,"parent":0,"menu_order":0,"comment_status":"closed","ping_status":"closed","template":"","meta":{"footnotes":""},"class_list":["post-18","page","type-page","status-publish","hentry"],"_links":{"self":[{"href":"https:\/\/www.monochrom.ch\/index.php\/wp-json\/wp\/v2\/pages\/18","targetHints":{"allow":["GET"]}}],"collection":[{"href":"https:\/\/www.monochrom.ch\/index.php\/wp-json\/wp\/v2\/pages"}],"about":[{"href":"https:\/\/www.monochrom.ch\/index.php\/wp-json\/wp\/v2\/types\/page"}],"author":[{"embeddable":true,"href":"https:\/\/www.monochrom.ch\/index.php\/wp-json\/wp\/v2\/users\/1"}],"replies":[{"embeddable":true,"href":"https:\/\/www.monochrom.ch\/index.php\/wp-json\/wp\/v2\/comments?post=18"}],"version-history":[{"count":2,"href":"https:\/\/www.monochrom.ch\/index.php\/wp-json\/wp\/v2\/pages\/18\/revisions"}],"predecessor-version":[{"id":142,"href":"https:\/\/www.monochrom.ch\/index.php\/wp-json\/wp\/v2\/pages\/18\/revisions\/142"}],"wp:attachment":[{"href":"https:\/\/www.monochrom.ch\/index.php\/wp-json\/wp\/v2\/media?parent=18"}],"curies":[{"name":"wp","href":"https:\/\/api.w.org\/{rel}","templated":true}]}}